{"id":51,"date":"2012-08-15T11:40:17","date_gmt":"2012-08-15T09:40:17","guid":{"rendered":"http:\/\/marketing-pr-beratung.de\/redesign\/?page_id=51"},"modified":"2021-05-10T13:55:20","modified_gmt":"2021-05-10T11:55:20","slug":"projekte","status":"publish","type":"page","link":"https:\/\/www.marketing-pr-beratung.de\/?page_id=51","title":{"rendered":"Projekte"},"content":{"rendered":"<p>Beispiele aktueller Projekte finden Sie hier:<\/p>\n<h6>B\u00e4ren-Apotheke, T\u00fcbingen, Rottenburg, Herrenberg<\/h6>\n<p>&#8211; Website: <a href=\"https:\/\/www.pillenbringer.de\/\" target=\"_blank\" rel=\"noopener\">www.pillenbringer.de<\/a><br \/>\n&#8211; <a href=\"https:\/\/www.marketing-pr-beratung.de\/wp-content\/uploads\/2021\/05\/baeren-apotheke_newsletter_2021_05-1.png\" target=\"_blank\" rel=\"noopener\">Monatlicher Online-Kunden-Newsletter B\u00e4renPost<br \/>\n<\/a>&#8211; <a href=\"https:\/\/marketing-pr-beratung.de\/wp-content\/uploads\/2012\/08\/Gesundheitstipp_Amtsblatt.pdf\" target=\"_blank\" rel=\"noopener\">Gesundheitstipps in Regional-Medien<\/a><a href=\"https:\/\/marketing-pr-beratung.de\/wp-content\/uploads\/2012\/08\/b\u00e4ren-apotheke_newsletter_2012_10.jpg\" target=\"_blank\" rel=\"noopener\"><br \/>\n<\/a>&#8211; <a href=\"https:\/\/marketing-pr-beratung.de\/wp-content\/uploads\/2012\/10\/anz-sep2012kl.pdf\" target=\"_blank\" rel=\"noopener\">Gesundheitstipps kombiniert mit Produktwerbung<\/a><br \/>\n&#8211; <a href=\"https:\/\/www.marketing-pr-beratung.de\/wp-content\/uploads\/2021\/05\/baeren-apotheke_facebook_2021_05_10.png\" target=\"_blank\" rel=\"noopener\">Facebook-Fanpage<\/a><a href=\"https:\/\/marketing-pr-beratung.de\/wp-content\/uploads\/2012\/08\/b\u00e4ren-apotheke_newsletter_2012_10.jpg\" target=\"_blank\" rel=\"noopener\"><br \/>\n<\/a><\/p>\n<h6>Kapuziner-Apotheke, K\u00f6ln<\/h6>\n<p>&#8211; Website: <a href=\"http:\/\/www.kapuziner-apotheke.com\/\" target=\"_blank\" rel=\"noopener\">www.kapuziner-apotheke.com<\/a><br \/>\n&#8211; <a href=\"https:\/\/marketing-pr-beratung.de\/wp-content\/uploads\/2012\/08\/kapuziner_apotheke_oeffnungszeitenplakat_rz.pdf\" target=\"_blank\" rel=\"noopener\">Plakat 1<\/a><br \/>\n&#8211; <a href=\"https:\/\/marketing-pr-beratung.de\/wp-content\/uploads\/2012\/08\/kapuziner_apotheke_umzugsplakat_rz.pdf\" target=\"_blank\" rel=\"noopener\">Plakat 2<\/a><br \/>\n&#8211; <a href=\"https:\/\/marketing-pr-beratung.de\/wp-content\/uploads\/2012\/08\/kapuziner_apotheke_imagebroschuere_web1.pdf\">Imagebrosch\u00fcre<\/a><\/p>\n<h6>Ruhrland-Apotheke, Bochum<\/h6>\n<p>&#8211; Webseite:<a href=\"http:\/\/www.ruhrland.de\" target=\"_blank\" rel=\"noopener\"> www.ruhrland.de<\/a><br \/>\n&#8211; <a href=\"https:\/\/marketing-pr-beratung.de\/wp-content\/uploads\/2012\/08\/ruhrland_apotheke_rabattheft_2012_rz.pdf\" target=\"_blank\" rel=\"noopener\">Rabattheft<br \/>\n<\/a>&#8211; <a href=\"https:\/\/marketing-pr-beratung.de\/wp-content\/uploads\/2012\/08\/ruhrland_apo_az_2sp_blasenschw_druck.pdf\" target=\"_blank\" rel=\"noopener\">Anzeige im Anzeigenblatt<\/a><a href=\"https:\/\/marketing-pr-beratung.de\/wp-content\/uploads\/2012\/08\/ruhrland_apotheke_rabattheft_2012_rz.pdf\" target=\"_blank\" rel=\"noopener\"><br \/>\n<\/a>&#8211; <a href=\"https:\/\/marketing-pr-beratung.de\/wp-content\/uploads\/2012\/08\/ruhrland_apotheke_kundenflyer_rz.pdf\" target=\"_blank\" rel=\"noopener\">Kunden-Infobrosch\u00fcre<\/a><a href=\"https:\/\/marketing-pr-beratung.de\/wp-content\/uploads\/2012\/08\/ruhrland_apotheke_rabattheft_2012_rz.pdf\" target=\"_blank\" rel=\"noopener\"><br \/>\n<\/a><\/p>\n<h6>a1-direkt, Impfstoffversand, Lorsch<\/h6>\n<p>&#8211; Webseite: <a href=\"http:\/\/www.a1-direkt.de\/\" target=\"_blank\" rel=\"noopener\">www.a1-direkt.de<br \/>\n<\/a>&#8211; <a href=\"https:\/\/marketing-pr-beratung.de\/wp-content\/uploads\/2012\/08\/5_a1_Horizonte_7w.pdf\" target=\"_blank\" rel=\"noopener\">Kundennewsletter Horizonte<\/a><a href=\"http:\/\/www.a1-direkt.de\/\" target=\"_blank\" rel=\"noopener\"><br \/>\n<\/a>&#8211; <a href=\"https:\/\/marketing-pr-beratung.de\/wp-content\/uploads\/2012\/08\/20100812_a1_direkt-Anzeige-Wirt-schaftstipp-f\u00fcr-pediater_ly4.pdf\" target=\"_blank\" rel=\"noopener\">Anzeige 1<\/a><br \/>\n&#8211; <a href=\"https:\/\/marketing-pr-beratung.de\/wp-content\/uploads\/2012\/08\/a1direkt_Anz_FSME_279x72mm.pdf\" target=\"_blank\" rel=\"noopener\">Anzeige 2<\/a> <a href=\"http:\/\/www.a1-direkt.de\/\" target=\"_blank\" rel=\"noopener\"><br \/>\n<\/a><\/p>\n<h6>Apotheke am Burloh, M\u00fcnster<\/h6>\n<p>&#8211; <a href=\"https:\/\/marketing-pr-beratung.de\/wp-content\/uploads\/2012\/08\/apotheke_am_burloh_jubifly_rz.pdf\" target=\"_blank\" rel=\"noopener\">Jubil\u00e4ums-Brosch\u00fcre<\/a><br \/>\n&#8211; <a href=\"https:\/\/marketing-pr-beratung.de\/wp-content\/uploads\/2012\/08\/apotheke_am_burloh_jubiplakat_a3.pdf\" target=\"_blank\" rel=\"noopener\">Jubil\u00e4ums-Plakat<\/a><br \/>\n&#8211; <a href=\"https:\/\/marketing-pr-beratung.de\/wp-content\/uploads\/2012\/08\/apotheke_am_burloh_jubizeitung_rz.pdf\" target=\"_blank\" rel=\"noopener\">Jubil\u00e4ums-Zeitung<\/a><\/p>\n<h6>Kurt Sauer Putz und Stuck, Epfenbach<\/h6>\n<p>&#8211; <a href=\"https:\/\/marketing-pr-beratung.de\/wp-content\/uploads\/2012\/08\/sauer_gmbh_imagebroschuere_lowres.pdf\" target=\"_blank\" rel=\"noopener\">Imagebrosch\u00fcre<\/a><\/p>\n<p>&nbsp;<\/p>\n","protected":false},"excerpt":{"rendered":"<p>Beispiele aktueller Projekte finden Sie hier: B\u00e4ren-Apotheke, T\u00fcbingen, Rottenburg, Herrenberg &#8211; Website: www.pillenbringer.de &#8211; Monatlicher Online-Kunden-Newsletter B\u00e4renPost &#8211; Gesundheitstipps in Regional-Medien &#8211; Gesundheitstipps kombiniert mit Produktwerbung &#8211; Facebook-Fanpage Kapuziner-Apotheke, K\u00f6ln &#8211; Website: www.kapuziner-apotheke.com &#8211; Plakat 1 &#8211; Plakat 2 &#8211; Imagebrosch\u00fcre Ruhrland-Apotheke, Bochum &#8211; Webseite: www.ruhrland.de &#8211; Rabattheft &#8211; Anzeige im Anzeigenblatt &#8211; Kunden-Infobrosch\u00fcre a1-direkt, Impfstoffversand, Lorsch &#8211; Webseite: www.a1-direkt.de &#8211; Kundennewsletter Horizonte &#8211; Anzeige 1 &#8211; Anzeige 2 Apotheke am Burloh, M\u00fcnster &#8211; Jubil\u00e4ums-Brosch\u00fcre &#8211; Jubil\u00e4ums-Plakat &#8211; Jubil\u00e4ums-Zeitung Kurt Sauer Putz und Stuck, Epfenbach &#8211; Imagebrosch\u00fcre &nbsp;<\/p>\n","protected":false},"author":3,"featured_media":0,"parent":0,"menu_order":0,"comment_status":"open","ping_status":"open","template":"","meta":{"_monsterinsights_skip_tracking":false,"_monsterinsights_sitenote_active":false,"_monsterinsights_sitenote_note":"","_monsterinsights_sitenote_category":0,"footnotes":""},"_links":{"self":[{"href":"https:\/\/www.marketing-pr-beratung.de\/index.php?rest_route=\/wp\/v2\/pages\/51"}],"collection":[{"href":"https:\/\/www.marketing-pr-beratung.de\/index.php?rest_route=\/wp\/v2\/pages"}],"about":[{"href":"https:\/\/www.marketing-pr-beratung.de\/index.php?rest_route=\/wp\/v2\/types\/page"}],"author":[{"embeddable":true,"href":"https:\/\/www.marketing-pr-beratung.de\/index.php?rest_route=\/wp\/v2\/users\/3"}],"replies":[{"embeddable":true,"href":"https:\/\/www.marketing-pr-beratung.de\/index.php?rest_route=%2Fwp%2Fv2%2Fcomments&post=51"}],"version-history":[{"count":30,"href":"https:\/\/www.marketing-pr-beratung.de\/index.php?rest_route=\/wp\/v2\/pages\/51\/revisions"}],"predecessor-version":[{"id":332,"href":"https:\/\/www.marketing-pr-beratung.de\/index.php?rest_route=\/wp\/v2\/pages\/51\/revisions\/332"}],"wp:attachment":[{"href":"https:\/\/www.marketing-pr-beratung.de\/index.php?rest_route=%2Fwp%2Fv2%2Fmedia&parent=51"}],"curies":[{"name":"wp","href":"https:\/\/api.w.org\/{rel}","templated":true}]}}