{"id":47,"date":"2012-08-15T11:39:15","date_gmt":"2012-08-15T09:39:15","guid":{"rendered":"http:\/\/marketing-pr-beratung.de\/redesign\/?page_id=47"},"modified":"2021-05-06T18:04:17","modified_gmt":"2021-05-06T16:04:17","slug":"social-media","status":"publish","type":"page","link":"https:\/\/www.marketing-pr-beratung.de\/?page_id=47","title":{"rendered":"Neue Wege zum Kunden oder Patienten"},"content":{"rendered":"<p>Smartphones und Tablet-PCs verbreiten sich rasend schnell und entwickeln unser Sozialverhalten weiter als so mancher es sich tr\u00e4umen lie\u00df. Was fr\u00fcher die SMS war, ist jetzt schon der Pinnwand-Post auf seiner Facebookseite. Die Verkn\u00fcpfung mit Social Media geh\u00f6rt bereits f\u00fcr viele Unternehmen zur normalen Kundenkommunikation. Deshalb habe auch ich mein Portfolio in den letzten Jahren erweitert. Mit Hilfe von Designern helfe ich Kunden ihre eigene Facebook-Pr\u00e4senz aufzubauen und in die vorhandene Kundenkommunikation sinnvoll zu integrieren.<\/p>\n<h4>\n<div style='clear:both; height:20px' ><\/div>\n<p>T\u00e4gliche Infos<\/h4>\n<p>Die eigentliche t\u00e4gliche Arbeit f\u00e4ngt jedoch damit erst an. Entscheidend f\u00fcr den Erfolg ist die regelm\u00e4\u00dfige redaktionelle Betreuung, damit die Pinnwand mit Infos versorgt wird, die die Kunden interessieren. Und nat\u00fcrlich der schnelle Austausch, die direkte Kommunikation innerhalb des Medium. Wer hier eine Frage stellt, erwartet schlie\u00dflich eine sofortige Antwort.<\/p>\n<p>Hier geht&#8217;s zur Facebook-Fanseite der B\u00e4ren-Apotheke, T\u00fcbingen: <a href=\"http:\/\/www.facebook.com\/pillenbringer.de\" target=\"_blank\" rel=\"noopener\">http:\/\/www.facebook.com\/pillenbringer.de<\/a><\/p>\n<p>Hier geht&#8217;s zur Facebook-Fanseite der Ruhland-Aotheke, Bochum: <a href=\"http:\/\/www.facebook.com\/pages\/Ruhrland-Apotheke\/122232601186685\" target=\"_blank\" rel=\"noopener\">http:\/\/www.facebook.com\/pages\/Ruhrland-Apotheke\/122232601186685<\/a><\/p>\n<h4>\n<div style='clear:both; height:20px' ><\/div>\n<p>Muss eine Website Smartphone-f\u00e4hig sein?<\/h4>\n<p>Heute werden an das mobile Internet neue Anforderungen gestellt. Eine Website, die den neuen Medien nicht angepasst ist, kann auf Smartsphones nicht optimal angezeigt und bedient werden und wird bald nicht mehr aufgerufen. Wer also als Apotheke bereits in sozialen Netzwerken wie Facebook oder Twitter zuhause ist oder via Apotheken-App mit seinen Kunden kommuniziert, sollte auch die eigene Website Smartphone- und iPad-f\u00e4hig gestalten. Der Aufwand ist hierf\u00fcr oft kleiner als gedacht oder bef\u00fcrchtet. Wenn die Website ohnehin 10 Jahre oder noch \u00e4lter ist, bietet es sich meist an im Zuge der Umstellung eine neue Website aufzubauen. Die Anforderungen an einen Internet-Auftritt sind in den letzten Jahren zwar weiter gestiegen, aber die Kosten und der Aufwand f\u00fcr die Realisierung sind erheblich gesunken.<\/p>\n<h4>\n<div style='clear:both; height:20px' ><\/div>\n<p>Eigene Artikel zum Thema Social Media:<\/h4>\n<p>&#8211; <a href=\"https:\/\/marketing-pr-beratung.de\/wp-content\/uploads\/2012\/08\/Selbsthilfe-im-Netz-aus-bv_9-10_V1.pdf\" target=\"_blank\" rel=\"noopener\">Selbsthilfegruppen im Web<\/a><\/p>\n<p>&#8211; <a href=\"https:\/\/marketing-pr-beratung.de\/wp-content\/uploads\/2012\/08\/Seiten-aus-bv_4-5_V1-2-Apotheken-Website.pdf\" target=\"_blank\" rel=\"noopener\">Apotheken-Websites 2012<\/a><\/p>\n<p>&nbsp;<\/p>\n","protected":false},"excerpt":{"rendered":"<p>Smartphones und Tablet-PCs verbreiten sich rasend schnell und entwickeln unser Sozialverhalten weiter als so mancher es sich tr\u00e4umen lie\u00df. Was fr\u00fcher die SMS war, ist jetzt schon der Pinnwand-Post auf seiner Facebookseite. Die Verkn\u00fcpfung mit Social Media geh\u00f6rt bereits f\u00fcr viele Unternehmen zur normalen Kundenkommunikation. Deshalb habe auch ich mein Portfolio in den letzten Jahren erweitert. Mit Hilfe von Designern helfe ich Kunden ihre eigene Facebook-Pr\u00e4senz aufzubauen und in die vorhandene Kundenkommunikation sinnvoll zu integrieren. T\u00e4gliche Infos Die eigentliche t\u00e4gliche Arbeit f\u00e4ngt jedoch damit erst an. Entscheidend f\u00fcr den Erfolg ist die regelm\u00e4\u00dfige redaktionelle Betreuung, damit die Pinnwand mit Infos versorgt wird, die die Kunden interessieren. Und nat\u00fcrlich der schnelle Austausch, die direkte Kommunikation innerhalb des Medium. Wer hier eine Frage stellt, erwartet schlie\u00dflich eine sofortige Antwort. Hier geht&#8217;s zur Facebook-Fanseite der B\u00e4ren-Apotheke, T\u00fcbingen: http:\/\/www.facebook.com\/pillenbringer.de Hier geht&#8217;s zur Facebook-Fanseite der Ruhland-Aotheke, Bochum: http:\/\/www.facebook.com\/pages\/Ruhrland-Apotheke\/122232601186685 Muss eine Website Smartphone-f\u00e4hig sein? Heute werden an das mobile Internet neue Anforderungen gestellt. Eine Website, die den neuen Medien nicht angepasst ist, kann auf Smartsphones nicht optimal angezeigt und bedient werden und wird bald nicht mehr aufgerufen. Wer also als Apotheke bereits in sozialen Netzwerken wie Facebook oder Twitter zuhause ist oder via Apotheken-App mit seinen Kunden kommuniziert, sollte auch die eigene Website Smartphone- und iPad-f\u00e4hig gestalten. Der Aufwand ist hierf\u00fcr oft kleiner als gedacht oder bef\u00fcrchtet. Wenn die Website ohnehin 10 Jahre oder noch \u00e4lter ist, bietet es sich meist an im Zuge der Umstellung eine neue Website aufzubauen. Die Anforderungen an einen Internet-Auftritt sind in den letzten Jahren zwar weiter gestiegen, aber die Kosten und der Aufwand f\u00fcr die Realisierung sind erheblich gesunken. Eigene Artikel zum Thema Social Media: &#8211; Selbsthilfegruppen im Web &#8211; Apotheken-Websites 2012 &nbsp;<\/p>\n","protected":false},"author":3,"featured_media":0,"parent":0,"menu_order":0,"comment_status":"open","ping_status":"open","template":"","meta":{"_monsterinsights_skip_tracking":false,"_monsterinsights_sitenote_active":false,"_monsterinsights_sitenote_note":"","_monsterinsights_sitenote_category":0,"footnotes":""},"_links":{"self":[{"href":"https:\/\/www.marketing-pr-beratung.de\/index.php?rest_route=\/wp\/v2\/pages\/47"}],"collection":[{"href":"https:\/\/www.marketing-pr-beratung.de\/index.php?rest_route=\/wp\/v2\/pages"}],"about":[{"href":"https:\/\/www.marketing-pr-beratung.de\/index.php?rest_route=\/wp\/v2\/types\/page"}],"author":[{"embeddable":true,"href":"https:\/\/www.marketing-pr-beratung.de\/index.php?rest_route=\/wp\/v2\/users\/3"}],"replies":[{"embeddable":true,"href":"https:\/\/www.marketing-pr-beratung.de\/index.php?rest_route=%2Fwp%2Fv2%2Fcomments&post=47"}],"version-history":[{"count":27,"href":"https:\/\/www.marketing-pr-beratung.de\/index.php?rest_route=\/wp\/v2\/pages\/47\/revisions"}],"predecessor-version":[{"id":323,"href":"https:\/\/www.marketing-pr-beratung.de\/index.php?rest_route=\/wp\/v2\/pages\/47\/revisions\/323"}],"wp:attachment":[{"href":"https:\/\/www.marketing-pr-beratung.de\/index.php?rest_route=%2Fwp%2Fv2%2Fmedia&parent=47"}],"curies":[{"name":"wp","href":"https:\/\/api.w.org\/{rel}","templated":true}]}}