{"id":45,"date":"2012-08-15T11:37:40","date_gmt":"2012-08-15T09:37:40","guid":{"rendered":"http:\/\/marketing-pr-beratung.de\/redesign\/?page_id=45"},"modified":"2012-10-17T15:19:11","modified_gmt":"2012-10-17T13:19:11","slug":"gesundheit","status":"publish","type":"page","link":"https:\/\/www.marketing-pr-beratung.de\/?page_id=45","title":{"rendered":"Schwerpunkt Medizin und Gesundheit"},"content":{"rendered":"<p>Im Laufe der Zeit bilden sich wohl bei jedem berufliche Schwerpunkte oder Steckenpferde heraus. Bei mir war dies das Thema Gesundheit, das sich wie ein roter Faden durch mein Berufsleben zog und das mir als Sprungbrett in die Selbstst\u00e4ndigkeit gedient hat. Und je l\u00e4nger und intensiver man ein Thema bearbeitet, desto mehr entwickelt man sich mit der Zeit zum Spezialisten.<\/p>\n<h4>\n<div style='clear:both; height:20px' ><\/div>\n<p>Ganzheitlicher Ansatz<\/h4>\n<p>Ich betrachte Gesundheit und Krankheit aus einem ganzheitlichen Blickwinkel unter Einbeziehung sowohl der Schulmedizin als auch von Haus- und Naturheilmitteln, alternativen Heilmethoden und nat\u00fcrlich mit Blick auf eine eigenverantwortliche Lebensweise. In meinen Texten kommt immer auch das Motto zum Tragen: Frage dich nicht was die Medizin f\u00fcr dich tun kann, sondern frage dich, was du selbst tun kannst um gesund zu bleiben oder zu werden.<\/p>\n<h4>\n<div style='clear:both; height:20px' ><\/div>\n<p>Der passende Blickwinkel<\/h4>\n<p>Gesundheitstexte schreibe ich meist aus der Sicht des informierten Laien\u00a0und Patienten oder des Fachjournalisten. Je nach Medium oder Zielsetzung, zurzeit vor allem f\u00fcr Apotheken-Kunden als Gesundheitstipps in der Lokalpresse oder Online-Medien, aber auch als Fachinformationen f\u00fcr \u00c4rzte. Dar\u00fcber hinaus habe ich mich inzwischen als Online-Spezialistin etabliert und\u00a0schreibe f\u00fcr Apothekenmedien \u00fcber Internet- und Social-Media-Trends.<\/p>\n<p>Arbeitsbeispiele:<\/p>\n<p>&#8211; <a href=\"http:\/\/marketing-pr-beratung.d\/wp-content\/uploads\/2012\/08\/Gesundheitstipp-Amtsblatt-2010.pdf\" target=\"_blank\">Gesundheitstipp Amtsblatt<\/a><\/p>\n<p>&#8211; <a href=\"https:\/\/marketing-pr-beratung.de\/wp-content\/uploads\/2012\/08\/Anzeige-mit-Gesundheitstipp-2008.pdf\" target=\"_blank\">Gesundheitstipp mit Produktanzeige<\/a><\/p>\n<p>&#8211; <a href=\"https:\/\/marketing-pr-beratung.de\/wp-content\/uploads\/2012\/08\/Gesundheitstipp-im-Anzeigenblatt-mit-Anzeige.jpg\" target=\"_blank\">Redaktioneller Gesundheitstipp mit Apotheken-Anzeige<\/a><\/p>\n","protected":false},"excerpt":{"rendered":"<p>Im Laufe der Zeit bilden sich wohl bei jedem berufliche Schwerpunkte oder Steckenpferde heraus. Bei mir war dies das Thema Gesundheit, das sich wie ein roter Faden durch mein Berufsleben zog und das mir als Sprungbrett in die Selbstst\u00e4ndigkeit gedient hat. Und je l\u00e4nger und intensiver man ein Thema bearbeitet, desto mehr entwickelt man sich mit der Zeit zum Spezialisten. Ganzheitlicher Ansatz Ich betrachte Gesundheit und Krankheit aus einem ganzheitlichen Blickwinkel unter Einbeziehung sowohl der Schulmedizin als auch von Haus- und Naturheilmitteln, alternativen Heilmethoden und nat\u00fcrlich mit Blick auf eine eigenverantwortliche Lebensweise. In meinen Texten kommt immer auch das Motto zum Tragen: Frage dich nicht was die Medizin f\u00fcr dich tun kann, sondern frage dich, was du selbst tun kannst um gesund zu bleiben oder zu werden. Der passende Blickwinkel Gesundheitstexte schreibe ich meist aus der Sicht des informierten Laien\u00a0und Patienten oder des Fachjournalisten. Je nach Medium oder Zielsetzung, zurzeit vor allem f\u00fcr Apotheken-Kunden als Gesundheitstipps in der Lokalpresse oder Online-Medien, aber auch als Fachinformationen f\u00fcr \u00c4rzte. Dar\u00fcber hinaus habe ich mich inzwischen als Online-Spezialistin etabliert und\u00a0schreibe f\u00fcr Apothekenmedien \u00fcber Internet- und Social-Media-Trends. Arbeitsbeispiele: &#8211; Gesundheitstipp Amtsblatt &#8211; Gesundheitstipp mit Produktanzeige &#8211; Redaktioneller Gesundheitstipp mit Apotheken-Anzeige<\/p>\n","protected":false},"author":3,"featured_media":0,"parent":0,"menu_order":0,"comment_status":"open","ping_status":"open","template":"","meta":{"_monsterinsights_skip_tracking":false,"_monsterinsights_sitenote_active":false,"_monsterinsights_sitenote_note":"","_monsterinsights_sitenote_category":0,"footnotes":""},"_links":{"self":[{"href":"https:\/\/www.marketing-pr-beratung.de\/index.php?rest_route=\/wp\/v2\/pages\/45"}],"collection":[{"href":"https:\/\/www.marketing-pr-beratung.de\/index.php?rest_route=\/wp\/v2\/pages"}],"about":[{"href":"https:\/\/www.marketing-pr-beratung.de\/index.php?rest_route=\/wp\/v2\/types\/page"}],"author":[{"embeddable":true,"href":"https:\/\/www.marketing-pr-beratung.de\/index.php?rest_route=\/wp\/v2\/users\/3"}],"replies":[{"embeddable":true,"href":"https:\/\/www.marketing-pr-beratung.de\/index.php?rest_route=%2Fwp%2Fv2%2Fcomments&post=45"}],"version-history":[{"count":15,"href":"https:\/\/www.marketing-pr-beratung.de\/index.php?rest_route=\/wp\/v2\/pages\/45\/revisions"}],"predecessor-version":[{"id":293,"href":"https:\/\/www.marketing-pr-beratung.de\/index.php?rest_route=\/wp\/v2\/pages\/45\/revisions\/293"}],"wp:attachment":[{"href":"https:\/\/www.marketing-pr-beratung.de\/index.php?rest_route=%2Fwp%2Fv2%2Fmedia&parent=45"}],"curies":[{"name":"wp","href":"https:\/\/api.w.org\/{rel}","templated":true}]}}