{"id":42,"date":"2012-08-15T11:36:18","date_gmt":"2012-08-15T09:36:18","guid":{"rendered":"http:\/\/marketing-pr-beratung.de\/redesign\/?page_id=42"},"modified":"2012-10-02T16:50:10","modified_gmt":"2012-10-02T14:50:10","slug":"standort","status":"publish","type":"page","link":"https:\/\/www.marketing-pr-beratung.de\/?page_id=42","title":{"rendered":"Natur macht kreativ"},"content":{"rendered":"<p>Nach ann\u00e4hernd 35 Gro\u00dfstadtjahren zieht es einen irgendwann hinaus ins Gr\u00fcne, in die Natur, zur sauberen Luft, weg vom L\u00e4rm und Hektik. Man hofft die Kinder werden es einem irgendwann danken, auch wenn sie selbst sp\u00e4ter den umgekehrten Weg gehen sollten und die Metropolen suchen. Der Blick beim Arbeiten hinaus in die Natur ist nicht nur beruhigend, sondern auch sehr kreativ, denn die Natur ver\u00e4ndert sich st\u00e4ndig. Wer im Fr\u00fchjahr s\u00e4t, im Sommer m\u00e4ht und einkocht und im Herbst schon wieder pflanzt, gewinnt eine anderen Sicht auf Ressourcen und Umwelt. Nicht zuletzt: eine kurze Auszeit im Garten macht oft den Kopf wieder frei f\u00fcr neue Perspektiven und Denkans\u00e4tze.<\/p>\n<h4>\n<div style='clear:both; height:20px' ><\/div>\n<p>Metropolen vor der Haust\u00fcr<\/h4>\n<p>Und wenn man vom Landleben mal genug hat, ist die n\u00e4chste Stadt nicht weit. Im Raum Rhein-Main-Neckar ist der Gro\u00dfstadttrubel in Mannheim, Frankfurt oder Karlsruhe maximal 30 bis 45 Minuten entfernt \u2013 egal ob nach S\u00fcden, Westen oder Norden.<\/p>\n<p>Nur nach Osten durch den Odenwald w\u00fcrde man etwas l\u00e4nger brauchen, bis man Hase und Igel hinter sich gelassen hat. Und was die regionale Mundart angeht, braucht man sich auch nicht festzulegen. Im Radius von nicht mal 50 km kann man w\u00e4hlen zwischen kurpf\u00e4lzisch, hessisch, badisch, schw\u00e4bisch, pf\u00e4lzisch und nat\u00fcrlich odenw\u00e4ldlerisch. Als geborenes Nordlicht halte ich mich allerdings lieber ans Hochdeutsche.<\/p>\n","protected":false},"excerpt":{"rendered":"<p>Nach ann\u00e4hernd 35 Gro\u00dfstadtjahren zieht es einen irgendwann hinaus ins Gr\u00fcne, in die Natur, zur sauberen Luft, weg vom L\u00e4rm und Hektik. Man hofft die Kinder werden es einem irgendwann danken, auch wenn sie selbst sp\u00e4ter den umgekehrten Weg gehen sollten und die Metropolen suchen. Der Blick beim Arbeiten hinaus in die Natur ist nicht nur beruhigend, sondern auch sehr kreativ, denn die Natur ver\u00e4ndert sich st\u00e4ndig. Wer im Fr\u00fchjahr s\u00e4t, im Sommer m\u00e4ht und einkocht und im Herbst schon wieder pflanzt, gewinnt eine anderen Sicht auf Ressourcen und Umwelt. Nicht zuletzt: eine kurze Auszeit im Garten macht oft den Kopf wieder frei f\u00fcr neue Perspektiven und Denkans\u00e4tze. Metropolen vor der Haust\u00fcr Und wenn man vom Landleben mal genug hat, ist die n\u00e4chste Stadt nicht weit. Im Raum Rhein-Main-Neckar ist der Gro\u00dfstadttrubel in Mannheim, Frankfurt oder Karlsruhe maximal 30 bis 45 Minuten entfernt \u2013 egal ob nach S\u00fcden, Westen oder Norden. Nur nach Osten durch den Odenwald w\u00fcrde man etwas l\u00e4nger brauchen, bis man Hase und Igel hinter sich gelassen hat. Und was die regionale Mundart angeht, braucht man sich auch nicht festzulegen. Im Radius von nicht mal 50 km kann man w\u00e4hlen zwischen kurpf\u00e4lzisch, hessisch, badisch, schw\u00e4bisch, pf\u00e4lzisch und nat\u00fcrlich odenw\u00e4ldlerisch. Als geborenes Nordlicht halte ich mich allerdings lieber ans Hochdeutsche.<\/p>\n","protected":false},"author":3,"featured_media":0,"parent":0,"menu_order":0,"comment_status":"open","ping_status":"open","template":"","meta":{"_monsterinsights_skip_tracking":false,"_monsterinsights_sitenote_active":false,"_monsterinsights_sitenote_note":"","_monsterinsights_sitenote_category":0,"footnotes":""},"_links":{"self":[{"href":"https:\/\/www.marketing-pr-beratung.de\/index.php?rest_route=\/wp\/v2\/pages\/42"}],"collection":[{"href":"https:\/\/www.marketing-pr-beratung.de\/index.php?rest_route=\/wp\/v2\/pages"}],"about":[{"href":"https:\/\/www.marketing-pr-beratung.de\/index.php?rest_route=\/wp\/v2\/types\/page"}],"author":[{"embeddable":true,"href":"https:\/\/www.marketing-pr-beratung.de\/index.php?rest_route=\/wp\/v2\/users\/3"}],"replies":[{"embeddable":true,"href":"https:\/\/www.marketing-pr-beratung.de\/index.php?rest_route=%2Fwp%2Fv2%2Fcomments&post=42"}],"version-history":[{"count":13,"href":"https:\/\/www.marketing-pr-beratung.de\/index.php?rest_route=\/wp\/v2\/pages\/42\/revisions"}],"predecessor-version":[{"id":83,"href":"https:\/\/www.marketing-pr-beratung.de\/index.php?rest_route=\/wp\/v2\/pages\/42\/revisions\/83"}],"wp:attachment":[{"href":"https:\/\/www.marketing-pr-beratung.de\/index.php?rest_route=%2Fwp%2Fv2%2Fmedia&parent=42"}],"curies":[{"name":"wp","href":"https:\/\/api.w.org\/{rel}","templated":true}]}}