{"id":31,"date":"2012-08-15T11:30:29","date_gmt":"2012-08-15T09:30:29","guid":{"rendered":"http:\/\/marketing-pr-beratung.de\/redesign\/?page_id=31"},"modified":"2012-10-12T12:54:27","modified_gmt":"2012-10-12T10:54:27","slug":"kommunikation-von-anfang-an","status":"publish","type":"page","link":"https:\/\/www.marketing-pr-beratung.de\/?page_id=31","title":{"rendered":"Kundenkommunikation von Anfang an"},"content":{"rendered":"<h4>Vom Studium bis zur Beraterin:<\/h4>\n<ul>\n<li>Geisteswissenschaftliches Studium in Berlin und Amsterdam mit dem Abschluss Magister Artium 1994<\/li>\n<li>15 Jahre Berufserfahrung als Texterin, Etat-Leiterin und Kundenberaterin in PR- und Werbeagenturen in Berlin, Frankfurt und Karlsruhe<\/li>\n<li>3 Jahre Marketingleiterin eines mittelst\u00e4ndischen Gesundheits- und Internetdienstleisters<\/li>\n<li>Selbstst\u00e4ndige Marketing- und PR-Beraterin bei Heidelberg seit 2006<\/li>\n<\/ul>\n<h4>\n<div style='clear:both; height:20px' ><\/div>\n<p>Das k\u00f6nnen Sie von mir erwarten:<\/h4>\n<p>Alles was zur passgenauen Kundenkommunikation geh\u00f6rt, je nach Bedarf, Budget und Zielsetzung: Vom ersten Grobkonzept \u00fcber Pr\u00e4sentation und Feinabstimmung bis zur Produktion \u2013 mit Grafik-Partnern, Produktionsfirmen oder Spezialanbietern. Sie haben all das ohnehin greifbar und brauchen nur informative oder kreative Texte? Kein Problem, denn als Texterin habe ich begonnen und so schreibe ich noch heute Werbetexte, Presseartikel, Imagebrosch\u00fcren, Website-Texte, Radiospots, Anzeigen, Plakat-Texte u.v.m.<\/p>\n","protected":false},"excerpt":{"rendered":"<p>Vom Studium bis zur Beraterin: Geisteswissenschaftliches Studium in Berlin und Amsterdam mit dem Abschluss Magister Artium 1994 15 Jahre Berufserfahrung als Texterin, Etat-Leiterin und Kundenberaterin in PR- und Werbeagenturen in Berlin, Frankfurt und Karlsruhe 3 Jahre Marketingleiterin eines mittelst\u00e4ndischen Gesundheits- und Internetdienstleisters Selbstst\u00e4ndige Marketing- und PR-Beraterin bei Heidelberg seit 2006 Das k\u00f6nnen Sie von mir erwarten: Alles was zur passgenauen Kundenkommunikation geh\u00f6rt, je nach Bedarf, Budget und Zielsetzung: Vom ersten Grobkonzept \u00fcber Pr\u00e4sentation und Feinabstimmung bis zur Produktion \u2013 mit Grafik-Partnern, Produktionsfirmen oder Spezialanbietern. Sie haben all das ohnehin greifbar und brauchen nur informative oder kreative Texte? Kein Problem, denn als Texterin habe ich begonnen und so schreibe ich noch heute Werbetexte, Presseartikel, Imagebrosch\u00fcren, Website-Texte, Radiospots, Anzeigen, Plakat-Texte u.v.m.<\/p>\n","protected":false},"author":3,"featured_media":0,"parent":0,"menu_order":0,"comment_status":"open","ping_status":"open","template":"","meta":{"_monsterinsights_skip_tracking":false,"_monsterinsights_sitenote_active":false,"_monsterinsights_sitenote_note":"","_monsterinsights_sitenote_category":0,"footnotes":""},"_links":{"self":[{"href":"https:\/\/www.marketing-pr-beratung.de\/index.php?rest_route=\/wp\/v2\/pages\/31"}],"collection":[{"href":"https:\/\/www.marketing-pr-beratung.de\/index.php?rest_route=\/wp\/v2\/pages"}],"about":[{"href":"https:\/\/www.marketing-pr-beratung.de\/index.php?rest_route=\/wp\/v2\/types\/page"}],"author":[{"embeddable":true,"href":"https:\/\/www.marketing-pr-beratung.de\/index.php?rest_route=\/wp\/v2\/users\/3"}],"replies":[{"embeddable":true,"href":"https:\/\/www.marketing-pr-beratung.de\/index.php?rest_route=%2Fwp%2Fv2%2Fcomments&post=31"}],"version-history":[{"count":18,"href":"https:\/\/www.marketing-pr-beratung.de\/index.php?rest_route=\/wp\/v2\/pages\/31\/revisions"}],"predecessor-version":[{"id":86,"href":"https:\/\/www.marketing-pr-beratung.de\/index.php?rest_route=\/wp\/v2\/pages\/31\/revisions\/86"}],"wp:attachment":[{"href":"https:\/\/www.marketing-pr-beratung.de\/index.php?rest_route=%2Fwp%2Fv2%2Fmedia&parent=31"}],"curies":[{"name":"wp","href":"https:\/\/api.w.org\/{rel}","templated":true}]}}