{"id":210,"date":"2012-10-04T14:23:01","date_gmt":"2012-10-04T12:23:01","guid":{"rendered":"http:\/\/marketing-pr-beratung.de\/redesign\/?page_id=210"},"modified":"2012-10-17T15:19:37","modified_gmt":"2012-10-17T13:19:37","slug":"pressearbeit","status":"publish","type":"page","link":"https:\/\/www.marketing-pr-beratung.de\/?page_id=210","title":{"rendered":"Viele wollen in die Zeitung"},"content":{"rendered":"<p>Auf Youtube und Facebook findet man heute fast jeden, doch wer mit seinem Anliegen oder seinem Unternehmen \u00fcber die klassischen Printmedien, ob online oder offline, eine gro\u00dfe \u00d6ffentlichkeit erreichen will, muss sich schon anstrengen oder aber \u2013 wenn man nicht zu den Promis geh\u00f6rt, ein richtig gro\u00dfes Anzeigenbudget investieren. Doch die meisten Unternehmen kommen erst dann auf die Titelseite, wenn was schief gelaufen ist. Schlechte Nachrichten sind f\u00fcr die Presse nun mal gute Nachrichten. PR-Profis aber sagen regelm\u00e4\u00dfig: tue Gutes und rede dar\u00fcber, nur leider bekommt man damit nicht automatischauch einen Abdruck in den Medien. Da gibt es eine Menge Spielregeln, die es zu beachten gilt.<\/p>\n<h4>\n<div style='clear:both; height:20px' ><\/div>\n<p>Journalisten richtig ansprechen<\/h4>\n<p>Man muss die Regeln kennen, um sie geschickt umgehen zu k\u00f6nnen. So ist es auch mit den Medien, ob Zeitung, TV oder Radio. Nachrichten zu machen, Berichte und Artikel zu schreiben ist ein anstrengendes und sehr schnelles Gesch\u00e4ft, bei dem Journalisten t\u00e4glich auf viele Informationen angewiesen sind. Gar nicht gebrauchen k\u00f6nnen Medienschaffende dabei Infos, die eigentlich nur sch\u00f6n verpackte Werbung sind, die sie au\u00dferdem \u00fcberhaupt nicht interessieren oder Informationen, deren News-Gehalt nur m\u00fchsam zu entdecken ist.<\/p>\n<h4>\n<div style='clear:both; height:20px' ><\/div>\n<p>PR-Handwerk<\/h4>\n<p>Der klassische Weg f\u00fchrt auch heute noch \u00fcber die Presseinformation oder \u2013mitteilung, die quasi die T\u00fcr \u00f6ffnet zu einem l\u00e4ngeren Artikel. Wie diese aufbereitet sein sollte, um den journalistischen Anspr\u00fcchen zu entsprechen ist PR-Handwerk. Ebenso die Einladung zu einem Pressegespr\u00e4ch oder einer PK \u2013 einer Pressekonferenz. Hierbei unterst\u00fctze ich Sie mit meiner Erfahrung als PR-Fachfrau zielgerichtet und projektorientiert, bei der Auswahl der Mittel und der Medien, das richtige Timing und den passenden Ton.<\/p>\n<p>Arbeitsbeispiele:<\/p>\n<p><a href=\"https:\/\/marketing-pr-beratung.de\/wp-content\/uploads\/2012\/10\/Presseinformation_Jubilaeum_Apotheke_Am_Burloh_2009.pdf\" target=\"_blank\">Presseinformation Apotheken-Jubil\u00e4um<\/a><\/p>\n<p><a href=\"https:\/\/marketing-pr-beratung.de\/wp-content\/uploads\/2012\/10\/Presseinfo_a1-direkt_Impfstoffversicherung_fuer_Paediater_2010.pdf\" target=\"_blank\">Presseinformation Unternehmensmitteilung<\/a><\/p>\n<p>&nbsp;<\/p>\n","protected":false},"excerpt":{"rendered":"<p>Auf Youtube und Facebook findet man heute fast jeden, doch wer mit seinem Anliegen oder seinem Unternehmen \u00fcber die klassischen Printmedien, ob online oder offline, eine gro\u00dfe \u00d6ffentlichkeit erreichen will, muss sich schon anstrengen oder aber \u2013 wenn man nicht zu den Promis geh\u00f6rt, ein richtig gro\u00dfes Anzeigenbudget investieren. Doch die meisten Unternehmen kommen erst dann auf die Titelseite, wenn was schief gelaufen ist. Schlechte Nachrichten sind f\u00fcr die Presse nun mal gute Nachrichten. PR-Profis aber sagen regelm\u00e4\u00dfig: tue Gutes und rede dar\u00fcber, nur leider bekommt man damit nicht automatischauch einen Abdruck in den Medien. Da gibt es eine Menge Spielregeln, die es zu beachten gilt. Journalisten richtig ansprechen Man muss die Regeln kennen, um sie geschickt umgehen zu k\u00f6nnen. So ist es auch mit den Medien, ob Zeitung, TV oder Radio. Nachrichten zu machen, Berichte und Artikel zu schreiben ist ein anstrengendes und sehr schnelles Gesch\u00e4ft, bei dem Journalisten t\u00e4glich auf viele Informationen angewiesen sind. Gar nicht gebrauchen k\u00f6nnen Medienschaffende dabei Infos, die eigentlich nur sch\u00f6n verpackte Werbung sind, die sie au\u00dferdem \u00fcberhaupt nicht interessieren oder Informationen, deren News-Gehalt nur m\u00fchsam zu entdecken ist. PR-Handwerk Der klassische Weg f\u00fchrt auch heute noch \u00fcber die Presseinformation oder \u2013mitteilung, die quasi die T\u00fcr \u00f6ffnet zu einem l\u00e4ngeren Artikel. Wie diese aufbereitet sein sollte, um den journalistischen Anspr\u00fcchen zu entsprechen ist PR-Handwerk. Ebenso die Einladung zu einem Pressegespr\u00e4ch oder einer PK \u2013 einer Pressekonferenz. Hierbei unterst\u00fctze ich Sie mit meiner Erfahrung als PR-Fachfrau zielgerichtet und projektorientiert, bei der Auswahl der Mittel und der Medien, das richtige Timing und den passenden Ton. Arbeitsbeispiele: Presseinformation Apotheken-Jubil\u00e4um Presseinformation Unternehmensmitteilung &nbsp;<\/p>\n","protected":false},"author":3,"featured_media":0,"parent":0,"menu_order":0,"comment_status":"open","ping_status":"open","template":"","meta":{"_monsterinsights_skip_tracking":false,"_monsterinsights_sitenote_active":false,"_monsterinsights_sitenote_note":"","_monsterinsights_sitenote_category":0,"footnotes":""},"_links":{"self":[{"href":"https:\/\/www.marketing-pr-beratung.de\/index.php?rest_route=\/wp\/v2\/pages\/210"}],"collection":[{"href":"https:\/\/www.marketing-pr-beratung.de\/index.php?rest_route=\/wp\/v2\/pages"}],"about":[{"href":"https:\/\/www.marketing-pr-beratung.de\/index.php?rest_route=\/wp\/v2\/types\/page"}],"author":[{"embeddable":true,"href":"https:\/\/www.marketing-pr-beratung.de\/index.php?rest_route=\/wp\/v2\/users\/3"}],"replies":[{"embeddable":true,"href":"https:\/\/www.marketing-pr-beratung.de\/index.php?rest_route=%2Fwp%2Fv2%2Fcomments&post=210"}],"version-history":[{"count":14,"href":"https:\/\/www.marketing-pr-beratung.de\/index.php?rest_route=\/wp\/v2\/pages\/210\/revisions"}],"predecessor-version":[{"id":294,"href":"https:\/\/www.marketing-pr-beratung.de\/index.php?rest_route=\/wp\/v2\/pages\/210\/revisions\/294"}],"wp:attachment":[{"href":"https:\/\/www.marketing-pr-beratung.de\/index.php?rest_route=%2Fwp%2Fv2%2Fmedia&parent=210"}],"curies":[{"name":"wp","href":"https:\/\/api.w.org\/{rel}","templated":true}]}}