{"id":2,"date":"2012-08-15T08:52:16","date_gmt":"2012-08-15T08:52:16","guid":{"rendered":"http:\/\/marketing-pr-beratung.de\/redesign\/?page_id=2"},"modified":"2021-05-10T12:44:00","modified_gmt":"2021-05-10T10:44:00","slug":"beispiel-seite","status":"publish","type":"page","link":"https:\/\/www.marketing-pr-beratung.de\/","title":{"rendered":"Kommunikation ist alles \u2013 alles ist Kommunikation."},"content":{"rendered":"<div style=\"padding: 0 25px;\">\n<h1 class=\"gdl-page-title gdl-divider gdl-title title-color\">Kommunikation ist alles \u2013 alles ist Kommunikation.<\/h1>\n<p>&nbsp;<\/p>\n<p>Ob wir wollen oder nicht \u2013 ohne Kommunikation geht einfach nichts. Manch einer redet sich um Kopf und Kragen, aber auch Schweigen ist Kommunikation. Dessen muss sich jedes Unternehmen bewusst sein. Wer nichts \u00fcber sich sagt, \u00fcberl\u00e4sst es dem Kunden sich ein Bild zu machen. Dann lieber gleich aktiv hieran arbeiten und sein Image selbst in die Hand nehmen. Und genau hierbei helfe ich Ihnen, mit stimmigen Konzepten und Ma\u00dfnahmen, die zu Ihnen passen, einfach mit der geeigneten Kundenkommunikation auf allen Ebenen, die wichtig und sinnvoll sind.<\/p>\n<p><strong>Ob f\u00fcr&#8217;s Internet, als Brosch\u00fcre, einem Produktflyer, einer Anzeige, Ihrer Kundenveranstaltung, den Presseartikel, Ihrem Messeauftritt oder auch f\u00fcr Online-Plattformen wie Facebook \u2013 ich liefere Ideen, Konzepte und Texte.<\/strong><\/p>\n<\/div>\n","protected":false},"excerpt":{"rendered":"<p>Kommunikation ist alles \u2013 alles ist Kommunikation. &nbsp; Ob wir wollen oder nicht \u2013 ohne Kommunikation geht einfach nichts. Manch einer redet sich um Kopf und Kragen, aber auch Schweigen ist Kommunikation. Dessen muss sich jedes Unternehmen bewusst sein. Wer nichts \u00fcber sich sagt, \u00fcberl\u00e4sst es dem Kunden sich ein Bild zu machen. Dann lieber gleich aktiv hieran arbeiten und sein Image selbst in die Hand nehmen. Und genau hierbei helfe ich Ihnen, mit stimmigen Konzepten und Ma\u00dfnahmen, die zu Ihnen passen, einfach mit der geeigneten Kundenkommunikation auf allen Ebenen, die wichtig und sinnvoll sind. Ob f\u00fcr&#8217;s Internet, als Brosch\u00fcre, einem Produktflyer, einer Anzeige, Ihrer Kundenveranstaltung, den Presseartikel, Ihrem Messeauftritt oder auch f\u00fcr Online-Plattformen wie Facebook \u2013 ich liefere Ideen, Konzepte und Texte.<\/p>\n","protected":false},"author":3,"featured_media":0,"parent":0,"menu_order":0,"comment_status":"open","ping_status":"open","template":"","meta":{"_monsterinsights_skip_tracking":false,"_monsterinsights_sitenote_active":false,"_monsterinsights_sitenote_note":"","_monsterinsights_sitenote_category":0,"footnotes":""},"_links":{"self":[{"href":"https:\/\/www.marketing-pr-beratung.de\/index.php?rest_route=\/wp\/v2\/pages\/2"}],"collection":[{"href":"https:\/\/www.marketing-pr-beratung.de\/index.php?rest_route=\/wp\/v2\/pages"}],"about":[{"href":"https:\/\/www.marketing-pr-beratung.de\/index.php?rest_route=\/wp\/v2\/types\/page"}],"author":[{"embeddable":true,"href":"https:\/\/www.marketing-pr-beratung.de\/index.php?rest_route=\/wp\/v2\/users\/3"}],"replies":[{"embeddable":true,"href":"https:\/\/www.marketing-pr-beratung.de\/index.php?rest_route=%2Fwp%2Fv2%2Fcomments&post=2"}],"version-history":[{"count":55,"href":"https:\/\/www.marketing-pr-beratung.de\/index.php?rest_route=\/wp\/v2\/pages\/2\/revisions"}],"predecessor-version":[{"id":324,"href":"https:\/\/www.marketing-pr-beratung.de\/index.php?rest_route=\/wp\/v2\/pages\/2\/revisions\/324"}],"wp:attachment":[{"href":"https:\/\/www.marketing-pr-beratung.de\/index.php?rest_route=%2Fwp%2Fv2%2Fmedia&parent=2"}],"curies":[{"name":"wp","href":"https:\/\/api.w.org\/{rel}","templated":true}]}}